{"id":1086,"date":"2022-05-26T12:29:17","date_gmt":"2022-05-26T10:29:17","guid":{"rendered":"https:\/\/magellanjobs.pl\/find-talent\/"},"modified":"2022-08-09T12:14:36","modified_gmt":"2022-08-09T10:14:36","slug":"einstellungsverfahren","status":"publish","type":"page","link":"https:\/\/magellanjobs.pl\/de\/einstellungsverfahren\/","title":{"rendered":"Einstellungsverfahren"},"content":{"rendered":"<section class=\"l-section wpb_row height_medium\"><div class=\"l-section-h i-cf\"><div class=\"g-cols vc_row via_flex valign_top type_default stacking_default\"><div class=\"vc_col-sm-12 wpb_column vc_column_container\"><div class=\"vc_column-inner\"><div class=\"wpb_wrapper\"><h3 class=\"w-text us_custom_2afeb352\"><span class=\"w-text-h\"><span class=\"w-text-value\">Wie es funktioniert?<\/span><\/span><\/h3><\/div><\/div><\/div><\/div><\/div><\/section><section class=\"l-section wpb_row us_custom_f00829d7 height_medium\"><div class=\"l-section-h i-cf\"><div class=\"g-cols vc_row via_flex valign_top type_default stacking_default\"><div class=\"vc_col-sm-12 wpb_column vc_column_container\"><div class=\"vc_column-inner\"><div class=\"wpb_wrapper\"><div class=\"g-cols wpb_row us_custom_19b520be via_flex valign_middle type_default stacking_default\"><div class=\"vc_col-sm-4 vc_hidden-lg vc_col-md-6 vc_hidden-md wpb_column vc_column_container\"><div class=\"vc_column-inner us_custom_edb423b1\"><div class=\"wpb_wrapper\"><div class=\"w-image us_custom_5aa22f95 align_center\"><div class=\"w-image-h\"><img width=\"216\" height=\"216\" src=\"https:\/\/magellanjobs.pl\/wp-content\/uploads\/2022\/05\/find-talent-01.png\" class=\"attachment-full size-full\" alt=\"\" loading=\"lazy\" srcset=\"https:\/\/magellanjobs.pl\/wp-content\/uploads\/2022\/05\/find-talent-01.png 216w, https:\/\/magellanjobs.pl\/wp-content\/uploads\/2022\/05\/find-talent-01-150x150.png 150w\" sizes=\"(max-width: 216px) 100vw, 216px\" \/><\/div><\/div><\/div><\/div><\/div><div class=\"vc_col-sm-8 vc_col-md-offset-6 vc_col-md-6 wpb_column vc_column_container\"><div class=\"vc_column-inner us_custom_94e5f2df\"><div class=\"wpb_wrapper\"><h3 class=\"w-text us_custom_d7f1cd93\"><span class=\"w-text-h\"><span class=\"w-text-value\">Entdecken<\/span><\/span><\/h3><div class=\"wpb_text_column\"><div class=\"wpb_wrapper\"><p>Senden Sie eine Anfrage und ein Clarity-Recruiter vereinbart mit Ihnen ein Kick-off-Gespr\u00e4ch, um \u00fcber die Vorgaben Ihrer offenen Stellen, die optimalen Qualifikationen und Ihr Team zu erfahren.<\/p>\n<\/div><\/div><\/div><\/div><\/div><\/div><div class=\"w-separator us_custom_9d337d74  hide_on_default hide_on_laptops size_medium with_line width_default thick_3 style_dashed color_border align_center\"><div class=\"w-separator-h\"><\/div><\/div><div class=\"g-cols wpb_row us_custom_38b69dbe via_flex valign_middle type_default reversed stacking_default\"><div class=\"vc_col-sm-8 vc_col-md-6 wpb_column vc_column_container\"><div class=\"vc_column-inner us_custom_2163b237\"><div class=\"wpb_wrapper\"><h3 class=\"w-text us_custom_d7f1cd93\"><span class=\"w-text-h\"><span class=\"w-text-value\">Tief eintauchen<\/span><\/span><\/h3><div class=\"wpb_text_column\"><div class=\"wpb_wrapper\"><p>Das zugeteile Rekrutierungsteam wird dann sein ausgedehntes Netzwerk aktivieren, um Top-Talente ausfindig zu machen und potenzielle Mitarbeiter f\u00fcr Sie zu identifizieren.<\/p>\n<\/div><\/div><\/div><\/div><\/div><div class=\"vc_col-sm-4 vc_hidden-lg vc_col-md-6 vc_hidden-md wpb_column vc_column_container\"><div class=\"vc_column-inner\"><div class=\"wpb_wrapper\"><div class=\"w-image us_custom_5aa22f95 align_center\"><div class=\"w-image-h\"><img width=\"216\" height=\"216\" src=\"https:\/\/magellanjobs.pl\/wp-content\/uploads\/2022\/05\/find-talent-02.png\" class=\"attachment-full size-full\" alt=\"\" loading=\"lazy\" srcset=\"https:\/\/magellanjobs.pl\/wp-content\/uploads\/2022\/05\/find-talent-02.png 216w, https:\/\/magellanjobs.pl\/wp-content\/uploads\/2022\/05\/find-talent-02-150x150.png 150w\" sizes=\"(max-width: 216px) 100vw, 216px\" \/><\/div><\/div><\/div><\/div><\/div><\/div><div class=\"w-separator us_custom_9d337d74  hide_on_default hide_on_laptops size_medium with_line width_default thick_3 style_dashed color_border align_center\"><div class=\"w-separator-h\"><\/div><\/div><div class=\"g-cols wpb_row us_custom_38b69dbe via_flex valign_middle type_default stacking_default\"><div class=\"vc_col-sm-4 vc_hidden-lg vc_col-md-6 vc_hidden-md wpb_column vc_column_container\"><div class=\"vc_column-inner\"><div class=\"wpb_wrapper\"><div class=\"w-image us_custom_5aa22f95 align_center\"><div class=\"w-image-h\"><img width=\"216\" height=\"216\" src=\"https:\/\/magellanjobs.pl\/wp-content\/uploads\/2022\/05\/find-talent-03.png\" class=\"attachment-full size-full\" alt=\"\" loading=\"lazy\" srcset=\"https:\/\/magellanjobs.pl\/wp-content\/uploads\/2022\/05\/find-talent-03.png 216w, https:\/\/magellanjobs.pl\/wp-content\/uploads\/2022\/05\/find-talent-03-150x150.png 150w\" sizes=\"(max-width: 216px) 100vw, 216px\" \/><\/div><\/div><\/div><\/div><\/div><div class=\"vc_col-sm-8 vc_col-md-offset-6 vc_col-md-6 wpb_column vc_column_container\"><div class=\"vc_column-inner us_custom_94e5f2df\"><div class=\"wpb_wrapper\"><h3 class=\"w-text us_custom_d7f1cd93\"><span class=\"w-text-h\"><span class=\"w-text-value\">Interviewen<\/span><\/span><\/h3><div class=\"wpb_text_column\"><div class=\"wpb_wrapper\"><p>Unsere Recruiter sprechen mit allen Kandidaten, um sie zu durchleuchten und zu qualifizieren. Wir senden Ihnen die besten Treffer f\u00fcr Ihre Stelle(n), damit Sie ausw\u00e4hlen k\u00f6nnen, wen Sie zum Vorstellungsgespr\u00e4ch einladen m\u00f6chten.<\/p>\n<\/div><\/div><\/div><\/div><\/div><\/div><div class=\"w-separator us_custom_9d337d74  hide_on_default hide_on_laptops size_medium with_line width_default thick_3 style_dashed color_border align_center\"><div class=\"w-separator-h\"><\/div><\/div><div class=\"g-cols wpb_row us_custom_19b520be via_flex valign_middle type_default reversed stacking_default\"><div class=\"vc_col-sm-8 vc_col-md-6 wpb_column vc_column_container\"><div class=\"vc_column-inner us_custom_2163b237\"><div class=\"wpb_wrapper\"><h3 class=\"w-text us_custom_d7f1cd93\"><span class=\"w-text-h\"><span class=\"w-text-value\">Vermitteln<\/span><\/span><\/h3><div class=\"wpb_text_column\"><div class=\"wpb_wrapper\"><p>Wir holen w\u00e4hrend des gesamten Bewerbungsprozesses Feedback an beiden Enden ein, koordinieren Besprechungen, bieten Beratung an und steuern, und richten schlie\u00dflich ein Stellenangebot an Ihre Top-Auswahl!<\/p>\n<\/div><\/div><\/div><\/div><\/div><div class=\"vc_col-sm-4 vc_hidden-lg vc_col-md-6 vc_hidden-md wpb_column vc_column_container\"><div class=\"vc_column-inner\"><div class=\"wpb_wrapper\"><div class=\"w-image us_custom_5aa22f95 align_center\"><div class=\"w-image-h\"><img width=\"216\" height=\"216\" src=\"https:\/\/magellanjobs.pl\/wp-content\/uploads\/2022\/05\/find-talent-04.png\" class=\"attachment-full size-full\" alt=\"\" loading=\"lazy\" srcset=\"https:\/\/magellanjobs.pl\/wp-content\/uploads\/2022\/05\/find-talent-04.png 216w, https:\/\/magellanjobs.pl\/wp-content\/uploads\/2022\/05\/find-talent-04-150x150.png 150w\" sizes=\"(max-width: 216px) 100vw, 216px\" \/><\/div><\/div><\/div><\/div><\/div><\/div><\/div><\/div><\/div><\/div><\/div><\/section><section class=\"l-section wpb_row us_custom_221d9703 height_medium\"><div class=\"l-section-h i-cf\"><div class=\"g-cols vc_row via_flex valign_top type_default stacking_default\"><div class=\"vc_col-sm-12 wpb_column vc_column_container\"><div class=\"vc_column-inner\"><div class=\"wpb_wrapper\"><div class=\"w-btn-wrapper align_center\"><a class=\"w-btn us-btn-style_1\" title=\"Find talent\" href=\"\/de\/hauptseite\/\"><span class=\"w-btn-label\">Mitarbeiter finden<\/span><\/a><\/div><\/div><\/div><\/div><\/div><\/div><\/section>\n","protected":false},"excerpt":{"rendered":"Wie es funktioniert?EntdeckenSenden Sie eine Anfrage und ein Clarity-Recruiter vereinbart mit Ihnen ein Kick-off-Gespr\u00e4ch, um \u00fcber die Vorgaben Ihrer offenen Stellen, die optimalen Qualifikationen und Ihr Team zu erfahren. Tief eintauchenDas zugeteile Rekrutierungsteam wird dann sein ausgedehntes Netzwerk aktivieren, um Top-Talente ausfindig zu machen und potenzielle Mitarbeiter f\u00fcr Sie zu identifizieren. InterviewenUnsere Recruiter sprechen mit...","protected":false},"author":1,"featured_media":0,"parent":0,"menu_order":0,"comment_status":"closed","ping_status":"closed","template":"","meta":[],"acf":[],"_links":{"self":[{"href":"https:\/\/magellanjobs.pl\/de\/wp-json\/wp\/v2\/pages\/1086"}],"collection":[{"href":"https:\/\/magellanjobs.pl\/de\/wp-json\/wp\/v2\/pages"}],"about":[{"href":"https:\/\/magellanjobs.pl\/de\/wp-json\/wp\/v2\/types\/page"}],"author":[{"embeddable":true,"href":"https:\/\/magellanjobs.pl\/de\/wp-json\/wp\/v2\/users\/1"}],"replies":[{"embeddable":true,"href":"https:\/\/magellanjobs.pl\/de\/wp-json\/wp\/v2\/comments?post=1086"}],"version-history":[{"count":4,"href":"https:\/\/magellanjobs.pl\/de\/wp-json\/wp\/v2\/pages\/1086\/revisions"}],"predecessor-version":[{"id":1113,"href":"https:\/\/magellanjobs.pl\/de\/wp-json\/wp\/v2\/pages\/1086\/revisions\/1113"}],"wp:attachment":[{"href":"https:\/\/magellanjobs.pl\/de\/wp-json\/wp\/v2\/media?parent=1086"}],"curies":[{"name":"wp","href":"https:\/\/api.w.org\/{rel}","templated":true}]}}