{"id":1079,"date":"2022-05-19T09:57:50","date_gmt":"2022-05-19T07:57:50","guid":{"rendered":"https:\/\/magellanjobs.pl\/about-us\/"},"modified":"2022-08-09T12:14:19","modified_gmt":"2022-08-09T10:14:19","slug":"ueber-uns","status":"publish","type":"page","link":"https:\/\/magellanjobs.pl\/de\/ueber-uns\/","title":{"rendered":"\u00dcber uns"},"content":{"rendered":"<section class=\"l-section wpb_row us_custom_4c77c721 height_medium\"><div class=\"l-section-h i-cf\"><div class=\"g-cols vc_row via_flex valign_middle type_default stacking_default\"><div class=\"vc_col-sm-12 wpb_column vc_column_container\"><div class=\"vc_column-inner\"><div class=\"wpb_wrapper\"><h3 class=\"w-text us_custom_4fbe9a28\"><span class=\"w-text-h\"><span class=\"w-text-value\">Magellan Jobs<\/span><\/span><\/h3><div class=\"w-separator size_small\"><\/div><div class=\"wpb_text_column\"><div class=\"wpb_wrapper\"><p>Wir glauben fest an die Werte, die Arbeit mit sich bringt. Wir sind uns dessen im Klaren, dass Arbeit f\u00fcr die Menschen nicht nur ein Mittel f\u00fcr ihren notwendigen Lebensunterhalt darstellt, sondern auch eine pers\u00f6nlichkeitentwickelnde und charakterbildende Erfahrung ist. Wir wissen auch, dass es heutzutage m\u00fchsam und zeitaufw\u00e4ndig ist, den richtigen Mitarbeiter zu finden. Deshalb organisiert die Personalagentur Magellan seit 2005 erfolgreich Rekrutierungs- und Auswahlprozesse f\u00fcr unsere Kunden.<\/p>\n<\/div><\/div><\/div><\/div><\/div><\/div><\/div><\/section><section class=\"l-section wpb_row us_custom_bbc090b3 height_medium\"><div class=\"l-section-h i-cf\"><div class=\"g-cols vc_row via_flex valign_middle type_default stacking_default\"><div class=\"vc_col-sm-6 wpb_column vc_column_container\"><div class=\"vc_column-inner\"><div class=\"wpb_wrapper\"><div class=\"w-image us_custom_9cf479d2 align_center\"><div class=\"w-image-h\"><img width=\"1200\" height=\"900\" src=\"https:\/\/magellanjobs.pl\/wp-content\/uploads\/2022\/08\/queue.jpg\" class=\"attachment-full size-full\" alt=\"\" loading=\"lazy\" srcset=\"https:\/\/magellanjobs.pl\/wp-content\/uploads\/2022\/08\/queue.jpg 1200w, https:\/\/magellanjobs.pl\/wp-content\/uploads\/2022\/08\/queue-300x225.jpg 300w, https:\/\/magellanjobs.pl\/wp-content\/uploads\/2022\/08\/queue-1024x768.jpg 1024w, https:\/\/magellanjobs.pl\/wp-content\/uploads\/2022\/08\/queue-80x60.jpg 80w\" sizes=\"(max-width: 1200px) 100vw, 1200px\" \/><\/div><\/div><\/div><\/div><\/div><div class=\"vc_col-sm-6 wpb_column vc_column_container\"><div class=\"vc_column-inner\"><div class=\"wpb_wrapper\"><div class=\"wpb_text_column\"><div class=\"wpb_wrapper\"><p>Bei Magellan bringen wir Mitarbeiter Respekt entgegen, weil wir ihren Wert kennen und wir wissen, dass sie das gr\u00f6\u00dfte Kapital eines jeden Unternehmens sind. Deshalb haben wir uns auf die Suche nach hochkar\u00e4tigen Fachkr\u00e4ften spezialisiert, die von unseren Kunden gesch\u00e4tzt werden und sich sehr gut auf dem EU-Arbeitsmarkt wiederfinden.<\/p>\n<p>In den mehreren Jahren, die wir auf dem Markt t\u00e4tig sind haben wir \u00fcber 1.000 Rekrutierungsprojekte f\u00fcr \u00fcber 250 Kunden durchgef\u00fchrt. Dank uns haben \u00fcber 5.000 Kandidaten Arbeitgeber in L\u00e4ndern wie Deutschland, den Niederlanden, Gro\u00dfbritannien, Irland, Belgien und \u00d6sterreich gefunden.<\/p>\n<\/div><\/div><\/div><\/div><\/div><\/div><\/div><\/section><section class=\"l-section wpb_row us_custom_887a049b height_medium\"><div class=\"l-section-h i-cf\"><div class=\"g-cols vc_row via_flex valign_middle type_default stacking_default\"><div class=\"vc_col-sm-12 wpb_column vc_column_container\"><div class=\"vc_column-inner\"><div class=\"wpb_wrapper\"><div class=\"wpb_text_column\"><div class=\"wpb_wrapper\"><p>Bei Magellan sind wir loyal und leidenschaftlich bei dem, was wir tun, und arbeiten eng mit unseren Kunden, Kandidaten und Mitarbeitern zusammen, um stets nach Spitzenleistungen zu streben. Wir arbeiten mit Integrit\u00e4t, respektieren die Vielfalt anderer und haben als Unternehmen einen starken moralischen Kompass. Wir bieten unseren Kunden Klarheit in der Art und Weise, wie wir kommunizieren, und sind daf\u00fcr verantwortlich, im Gegensatz zu einem \u201eraschen Erfolg\u201c, einen qualitativ hochwertigen Service zu bieten.<br \/>\nIndem Sie dem Kreis unserer Partner beitreten, sichern Sie sich den Zugang zu den besten Mitarbeitern und eine effektive Optimierung der Rekrutierungsma\u00dfnahmen im Unternehmen.<\/p>\n<\/div><\/div><\/div><\/div><\/div><\/div><\/div><\/section><section class=\"l-section wpb_row height_large color_primary\"><div class=\"l-section-overlay\" style=\"background:#656565\"><\/div><div class=\"l-section-h i-cf\"><div class=\"g-cols vc_row via_flex valign_middle type_default stacking_default\"><div class=\"vc_col-sm-4 wpb_column vc_column_container\"><div class=\"vc_column-inner\"><div class=\"wpb_wrapper\"><div class=\"w-counter us_custom_8bf30f51 color_custom align_center has_font_size\" data-duration=\"1000\"><div class=\"w-counter-value\" style=\"color:#ffffff;\"><span class=\"w-counter-value-part type_text\" data-final=\"\"><\/span><span class=\"w-counter-value-part type_number\" data-final=\"17\">1<\/span><span class=\"w-counter-value-part type_text\" data-final=\"+\">+<\/span><\/div><div class=\"w-counter-title\" style=\"font-size:1.5rem;font-weight:400;\">Jahre im Gesch\u00e4ft<\/div><\/div><\/div><\/div><\/div><div class=\"vc_col-sm-4 wpb_column vc_column_container\"><div class=\"vc_column-inner\"><div class=\"wpb_wrapper\"><div class=\"w-counter us_custom_8bf30f51 color_custom align_center has_font_size\" data-duration=\"1000\"><div class=\"w-counter-value\" style=\"color:#ffffff;\"><span class=\"w-counter-value-part type_text\" data-final=\"\"><\/span><span class=\"w-counter-value-part type_number\" data-final=\"250\">1<\/span><span class=\"w-counter-value-part type_text\" data-final=\"+\">+<\/span><\/div><div class=\"w-counter-title\" style=\"font-size:1.5rem;font-weight:400;\">Zufriedene Kunden<\/div><\/div><\/div><\/div><\/div><div class=\"vc_col-sm-4 wpb_column vc_column_container\"><div class=\"vc_column-inner\"><div class=\"wpb_wrapper\"><div class=\"w-counter us_custom_8bf30f51 color_custom align_center has_font_size\" data-duration=\"1000\"><div class=\"w-counter-value\" style=\"color:#ffffff;\"><span class=\"w-counter-value-part type_text\" data-final=\"\"><\/span><span class=\"w-counter-value-part type_number\" data-final=\"1000\">1<\/span><span class=\"w-counter-value-part type_text\" data-final=\"+\"><\/span><\/div><div class=\"w-counter-title\" style=\"font-size:1.5rem;font-weight:400;\">Rekrutierungsprojekte<\/div><\/div><\/div><\/div><\/div><\/div><\/div><\/section>\n","protected":false},"excerpt":{"rendered":"Magellan JobsWir glauben fest an die Werte, die Arbeit mit sich bringt. Wir sind uns dessen im Klaren, dass Arbeit f\u00fcr die Menschen nicht nur ein Mittel f\u00fcr ihren notwendigen Lebensunterhalt darstellt, sondern auch eine pers\u00f6nlichkeitentwickelnde und charakterbildende Erfahrung ist. Wir wissen auch, dass es heutzutage m\u00fchsam und zeitaufw\u00e4ndig ist, den richtigen Mitarbeiter zu finden....","protected":false},"author":1,"featured_media":0,"parent":0,"menu_order":0,"comment_status":"closed","ping_status":"closed","template":"","meta":[],"acf":[],"_links":{"self":[{"href":"https:\/\/magellanjobs.pl\/de\/wp-json\/wp\/v2\/pages\/1079"}],"collection":[{"href":"https:\/\/magellanjobs.pl\/de\/wp-json\/wp\/v2\/pages"}],"about":[{"href":"https:\/\/magellanjobs.pl\/de\/wp-json\/wp\/v2\/types\/page"}],"author":[{"embeddable":true,"href":"https:\/\/magellanjobs.pl\/de\/wp-json\/wp\/v2\/users\/1"}],"replies":[{"embeddable":true,"href":"https:\/\/magellanjobs.pl\/de\/wp-json\/wp\/v2\/comments?post=1079"}],"version-history":[{"count":4,"href":"https:\/\/magellanjobs.pl\/de\/wp-json\/wp\/v2\/pages\/1079\/revisions"}],"predecessor-version":[{"id":1144,"href":"https:\/\/magellanjobs.pl\/de\/wp-json\/wp\/v2\/pages\/1079\/revisions\/1144"}],"wp:attachment":[{"href":"https:\/\/magellanjobs.pl\/de\/wp-json\/wp\/v2\/media?parent=1079"}],"curies":[{"name":"wp","href":"https:\/\/api.w.org\/{rel}","templated":true}]}}