{"id":1073,"date":"2022-05-26T10:31:55","date_gmt":"2022-05-26T08:31:55","guid":{"rendered":"https:\/\/magellanjobs.pl\/employer-zone\/"},"modified":"2022-08-19T09:46:50","modified_gmt":"2022-08-19T07:46:50","slug":"hauptseite","status":"publish","type":"page","link":"https:\/\/magellanjobs.pl\/de\/hauptseite\/","title":{"rendered":"Hauptseite"},"content":{"rendered":"<section class=\"l-section wpb_row us_custom_c40d9561 height_medium color_primary\"><div class=\"l-section-overlay\" style=\"background:rgba(9,75,242,0.70)\"><\/div><div class=\"l-section-h i-cf\"><div class=\"g-cols vc_row via_flex valign_top type_default stacking_default\"><div class=\"vc_col-sm-12 vc_col-md-6 wpb_column vc_column_container\"><div class=\"vc_column-inner\"><div class=\"wpb_wrapper\"><div class=\"w-text us_custom_887a98df\"><span class=\"w-text-h\"><span class=\"w-text-value\">Willkommen auf der Website:<\/span><\/span><\/div><div class=\"w-text us_custom_cebf6476\"><span class=\"w-text-h\"><span class=\"w-text-value\">Magellan Personalvermittlungsagentur<\/span><\/span><\/div><div class=\"w-image us_custom_2cd3ed4e align_none\"><div class=\"w-image-h\"><img width=\"109\" height=\"99\" src=\"https:\/\/magellanjobs.pl\/wp-content\/uploads\/2022\/05\/dott.png\" class=\"attachment-full size-full\" alt=\"\" loading=\"lazy\" \/><\/div><\/div><div class=\"wpb_text_column us_custom_cdf14ffd\"><div class=\"wpb_wrapper\"><p>Erfolgreiche Unternehmen erkennen ihre Mitarbeiter als einen ihrer gr\u00f6\u00dften Werte an. Ihre richtige Auswahl und Organisation der Arbeit sind die Grundlage f\u00fcr das wirtschaftliche Bestehen oder Nichtbestehen von Unternehmen. Aus diesem Grund lagern die Chefs und Personalleiter der besten Unternehmen die Anwerbung und Auswahl von Mitarbeitern an spezialisierte Personalagenturen aus.<\/p>\n<p>Unsere Personalvermittlung wurde im Jahr 2005 gegr\u00fcndet. Wir besch\u00e4ftigen uns mit der Rekrutierung qualifizierter Mitarbeiter, die dank uns Arbeitgeber auf dem polnischen und EU-Arbeitsmarkt finden.<\/p>\n<\/div><\/div><\/div><\/div><\/div><div class=\"vc_col-sm-12 vc_col-md-offset-1 vc_col-md-5 wpb_column vc_column_container\" id=\"aplikuj\"><div class=\"vc_column-inner\"><div class=\"wpb_wrapper\"><h3 class=\"w-text us_custom_fd7af3ad has_text_color\"><span class=\"w-text-h\"><span class=\"w-text-value\">Senden Sie ein Stellenangebot<\/span><\/span><\/h3><div role=\"form\" class=\"wpcf7\" id=\"wpcf7-f1078-o1\" lang=\"de-DE\" dir=\"ltr\">\n<div class=\"screen-reader-response\"><p role=\"status\" aria-live=\"polite\" aria-atomic=\"true\"><\/p> <ul><\/ul><\/div>\n<form action=\"\/de\/wp-json\/wp\/v2\/pages\/1073#wpcf7-f1078-o1\" method=\"post\" class=\"wpcf7-form init\" enctype=\"multipart\/form-data\" novalidate=\"novalidate\" data-status=\"init\">\n<div style=\"display: none;\">\n<input type=\"hidden\" name=\"_wpcf7\" value=\"1078\" \/>\n<input type=\"hidden\" name=\"_wpcf7_version\" value=\"5.6.4\" \/>\n<input type=\"hidden\" name=\"_wpcf7_locale\" value=\"de_DE\" \/>\n<input type=\"hidden\" name=\"_wpcf7_unit_tag\" value=\"wpcf7-f1078-o1\" \/>\n<input type=\"hidden\" name=\"_wpcf7_container_post\" value=\"0\" \/>\n<input type=\"hidden\" name=\"_wpcf7_posted_data_hash\" value=\"\" \/>\n<input type=\"hidden\" name=\"_wpcf7_recaptcha_response\" value=\"\" \/>\n<\/div>\n<div id=\"form\" class=\"w-form layout_ver\">\n<div class=\"w-form-h\">\n<div class=\"w-form-row\"><span class=\"wpcf7-form-control-wrap\" data-name=\"your-name\"><input type=\"text\" name=\"your-name\" value=\"\" size=\"40\" class=\"wpcf7-form-control wpcf7-text wpcf7-validates-as-required\" aria-required=\"true\" aria-invalid=\"false\" placeholder=\"Vorname und Nachname\" \/><\/span><\/div>\n<div class=\"w-form-row\"><span class=\"wpcf7-form-control-wrap\" data-name=\"firma\"><input type=\"text\" name=\"firma\" value=\"\" size=\"40\" class=\"wpcf7-form-control wpcf7-text wpcf7-validates-as-required\" aria-required=\"true\" aria-invalid=\"false\" placeholder=\"Firma\" \/><\/span><\/div>\n<div class=\"w-form-row\"><span class=\"wpcf7-form-control-wrap\" data-name=\"your-email\"><input type=\"email\" name=\"your-email\" value=\"\" size=\"40\" class=\"wpcf7-form-control wpcf7-text wpcf7-email wpcf7-validates-as-required wpcf7-validates-as-email\" aria-required=\"true\" aria-invalid=\"false\" placeholder=\"Email\" \/><\/span><\/div>\n<div class=\"w-form-row\"><span class=\"wpcf7-form-control-wrap\" data-name=\"your-phone\"><input type=\"tel\" name=\"your-phone\" value=\"\" size=\"40\" class=\"wpcf7-form-control wpcf7-text wpcf7-tel wpcf7-validates-as-required wpcf7-validates-as-tel\" aria-required=\"true\" aria-invalid=\"false\" placeholder=\"Telefon\" \/><\/span><\/div>\n<div class=\"w-form-row\"><span class=\"wpcf7-form-control-wrap\" data-name=\"stanowisko\"><input type=\"text\" name=\"stanowisko\" value=\"\" size=\"40\" class=\"wpcf7-form-control wpcf7-text wpcf7-validates-as-required\" aria-required=\"true\" aria-invalid=\"false\" placeholder=\"Stellung\" \/><\/span><\/div>\n<div class=\"w-form-row file\">\n<div class=\"input-bg\"><label class=\"w-btn us-btn-style_1\" for=\"plik-oferta\">Angebot anh\u00e4ngen<\/label><span id=\"file-name\">Keine Dateien ausgew\u00e4hlt<\/span><\/div>\n<p><span class=\"wpcf7-form-control-wrap\" data-name=\"oferta\"><input type=\"file\" name=\"oferta\" size=\"40\" class=\"wpcf7-form-control wpcf7-file\" id=\"plik-oferta\" accept=\".pdf,.doc,.docx\" aria-invalid=\"false\" \/><\/span><\/p><\/div>\n<div class=\"w-form-row\"><input type=\"submit\" value=\"Schicken\" class=\"wpcf7-form-control has-spinner wpcf7-submit\" \/><\/div>\n<\/div>\n<\/div>\n<div class=\"wpcf7-response-output\" aria-hidden=\"true\"><\/div><\/form><\/div><\/div><\/div><\/div><\/div><\/div><\/section>\n","protected":false},"excerpt":{"rendered":"Willkommen auf der Website:Magellan PersonalvermittlungsagenturErfolgreiche Unternehmen erkennen ihre Mitarbeiter als einen ihrer gr\u00f6\u00dften Werte an. Ihre richtige Auswahl und Organisation der Arbeit sind die Grundlage f\u00fcr das wirtschaftliche Bestehen oder Nichtbestehen von Unternehmen. Aus diesem Grund lagern die Chefs und Personalleiter der besten Unternehmen die Anwerbung und Auswahl von Mitarbeitern an spezialisierte Personalagenturen aus. Unsere...","protected":false},"author":1,"featured_media":0,"parent":0,"menu_order":0,"comment_status":"closed","ping_status":"closed","template":"","meta":[],"acf":[],"_links":{"self":[{"href":"https:\/\/magellanjobs.pl\/de\/wp-json\/wp\/v2\/pages\/1073"}],"collection":[{"href":"https:\/\/magellanjobs.pl\/de\/wp-json\/wp\/v2\/pages"}],"about":[{"href":"https:\/\/magellanjobs.pl\/de\/wp-json\/wp\/v2\/types\/page"}],"author":[{"embeddable":true,"href":"https:\/\/magellanjobs.pl\/de\/wp-json\/wp\/v2\/users\/1"}],"replies":[{"embeddable":true,"href":"https:\/\/magellanjobs.pl\/de\/wp-json\/wp\/v2\/comments?post=1073"}],"version-history":[{"count":8,"href":"https:\/\/magellanjobs.pl\/de\/wp-json\/wp\/v2\/pages\/1073\/revisions"}],"predecessor-version":[{"id":1074,"href":"https:\/\/magellanjobs.pl\/de\/wp-json\/wp\/v2\/pages\/1073\/revisions\/1074"}],"wp:attachment":[{"href":"https:\/\/magellanjobs.pl\/de\/wp-json\/wp\/v2\/media?parent=1073"}],"curies":[{"name":"wp","href":"https:\/\/api.w.org\/{rel}","templated":true}]}}